{"id":84,"date":"2021-01-14T21:26:23","date_gmt":"2021-01-14T21:26:23","guid":{"rendered":"http:\/\/www.gasservis.cz\/?page_id=84"},"modified":"2021-01-17T10:32:03","modified_gmt":"2021-01-17T10:32:03","slug":"reference","status":"publish","type":"page","link":"https:\/\/www.gasservis.cz\/index.php\/reference\/","title":{"rendered":"reference"},"content":{"rendered":"<p><span style=\"color: #0000cc;\"><b>VGP Park \u010cesk\u00fd \u00dajezd &#8211; hala I<\/b><\/span><\/p>\n<ul>\n<li>kompletn\u00ed rozvody ZTI a \u00daT, lit\u00e9 podlahy<\/li>\n<\/ul>\n<p><span style=\"color: #0000cc;\"><b>VGP Park \u010cesk\u00fd \u00dajezd &#8211; hala II<\/b><\/span><\/p>\n<ul>\n<li>kompletn\u00ed rozvody ZTI a \u00daT, lit\u00e9 podlahy<\/li>\n<\/ul>\n<p><span style=\"color: #0000cc;\"><b>VGP Park \u00dast\u00ed nad Labem &#8211; hala P2<\/b><\/span><\/p>\n<ul>\n<li>kompletn\u00ed rozvody ZTI a \u00daT, lit\u00e9 podlahy<\/li>\n<\/ul>\n<p><span style=\"color: #0000cc;\"><b>OC Tamda &#8211; centrum \u00dast\u00ed nad Labem<\/b><\/span><\/p>\n<ul>\n<li>kompletn\u00ed revitalizace obchodn\u00edho centra<\/li>\n<\/ul>\n<p><span style=\"color: #0000cc;\"><b>OC pivovar D\u011b\u010d\u00edn <\/b><\/span><\/p>\n<ul>\n<li>lit\u00e9 podlahy, tepeln\u00e1 izolace podlah 22 000 m<sup>2<\/sup><\/li>\n<\/ul>\n<p><span style=\"color: #0000cc;\"><b>SouP J\u00edlov\u00e9 u Prahy<\/b><\/span><\/p>\n<ul>\n<li>kompletn\u00ed rozvody ZTI a \u00fast\u0159edn\u00edho vyt\u00e1p\u011bn\u00ed<\/li>\n<\/ul>\n<p><span style=\"color: #0000cc;\"><b>Komer\u010dn\u00ed objekt LUNA Most<\/b><\/span><\/p>\n<ul>\n<li>kompletn\u00ed rozvody \u00fast\u0159edn\u00edho vyt\u00e1p\u011bn\u00ed, lit\u00e9 podlahy<\/li>\n<\/ul>\n<p><span style=\"color: #0000cc;\"><b>Dopravn\u00ed podnik m\u011bsta \u00dast\u00ed nad Labem<\/b><\/span><\/p>\n<ul>\n<li>decentralizace vyt\u00e1p\u011bn\u00ed \u2013 vozovna V\u0161ebo\u0159ice<\/li>\n<\/ul>\n<p><span style=\"color: #0000cc;\"><b>V\u00fdstavba a rekonstrukce rodinn\u00fdch domu<\/b><\/span><\/p>\n<p><span style=\"color: #000000;\">RD Kr\u00e1sn\u00e1 L\u00edpa, RD Odolen\u00e1 Voda, RD Chaba\u0159ovice, RD Skorotice, RD Peruc, RD Valt\u00ed\u0159ov, RD Bu\u0161t\u011bhrad<\/span><\/p>\n<p><span style=\"color: #0000cc;\"><b>Prodejna KIK<\/b><\/span><\/p>\n<ul>\n<li>kompletn\u00ed rozvody ZTI a \u00daT, stavebn\u00ed pr\u00e1ce<\/li>\n<li>Blansko, \u010cesk\u00e1 L\u00edpa, \u00dast\u00ed nad Labem, Plze\u0148, Mari\u00e1nsk\u00e9 L\u00e1zn\u011b<\/li>\n<\/ul>\n<p><span style=\"color: #0000cc;\"><b>Prodejna PEPCO<\/b><\/span><\/p>\n<ul>\n<li>kompletn\u00ed rozvody ZTI a \u00daT, stavebn\u00ed pr\u00e1ce<\/li>\n<li>Boskovice, \u010cesk\u00e1 T\u011b\u0161\u00edn, Jihlava, Louny, Most, Ostrov nad Oh\u0159\u00ed, Pardubice, Prost\u011bjov, \u00dast\u00ed nad Labem, Znojmo<\/li>\n<\/ul>\n<p><span style=\"color: #0000cc;\"><b>Drogerie TETA<\/b><\/span><\/p>\n<ul>\n<li>kompletn\u00ed rozvody ZTI a \u00daT, stavebn\u00ed pr\u00e1ce<\/li>\n<li>Pardubice, Prost\u011bjov, Plze\u0148, \u00dast\u00ed nad Labem, Znojmo<\/li>\n<\/ul>\n<p><span style=\"color: #0000cc;\"><b>Prodejna LIDL<\/b><\/span><\/p>\n<ul>\n<li>kompletn\u00ed rozvody ZTI a \u00daT, stavebn\u00ed pr\u00e1ce<\/li>\n<li>\u010cesk\u00e1 T\u0159ebov\u00e1, Lan\u0161kroun, Lipn\u00edk nad Be\u010dvou, R\u00fdma\u0159ov, \u010c\u00e1slav, Olomouc, Zl\u00edn, Vset\u00edn, Moravsk\u00e1 T\u0159ebov\u00e1 &#8230;<\/li>\n<\/ul>\n<p><span style=\"color: #0000cc;\"><b>Union Lesn\u00ed Br\u00e1na a.s. &#8211; Rotaflex<\/b><\/span><\/p>\n<ul>\n<li>rekonstrukce rozvod\u016f vody, chlad\u00edc\u00ed vody, plynu, v\u00fdstavba RTP, servisn\u00ed pr\u00e1ce v cel\u00e9m are\u00e1lu spole\u010dnosti<\/li>\n<\/ul>\n<p><span style=\"color: #0000cc;\"><b>InterCora spol s r.o.<\/b><\/span><\/p>\n<ul>\n<li>Spr\u00e1va obchodn\u00edho centra OC Albert v \u00dast\u00ed nad Labem<\/li>\n<\/ul>\n","protected":false},"excerpt":{"rendered":"<p>VGP Park \u010cesk\u00fd \u00dajezd &#8211; hala I kompletn\u00ed rozvody ZTI a \u00daT, lit\u00e9 podlahy VGP Park \u010cesk\u00fd \u00dajezd &#8211; hala II kompletn\u00ed rozvody ZTI a \u00daT, lit\u00e9 podlahy VGP Park \u00dast\u00ed nad Labem &#8211; hala P2 kompletn\u00ed rozvody ZTI a \u00daT, lit\u00e9 podlahy OC Tamda &hellip; <\/p>\n","protected":false},"author":1,"featured_media":0,"parent":0,"menu_order":0,"comment_status":"closed","ping_status":"closed","template":"","meta":{"footnotes":""},"yoast_head":"<!-- This site is optimized with the Yoast SEO plugin v22.5 - https:\/\/yoast.com\/wordpress\/plugins\/seo\/ -->\n<title>tamda vgp<\/title>\n<meta name=\"robots\" content=\"index, follow, max-snippet:-1, max-image-preview:large, max-video-preview:-1\" \/>\n<link rel=\"canonical\" href=\"https:\/\/www.gasservis.cz\/index.php\/reference\/\" \/>\n<meta property=\"og:locale\" content=\"cs_CZ\" \/>\n<meta property=\"og:type\" content=\"article\" \/>\n<meta property=\"og:title\" content=\"tamda vgp\" \/>\n<meta property=\"og:description\" content=\"VGP Park \u010cesk\u00fd \u00dajezd &#8211; hala I kompletn\u00ed rozvody ZTI a \u00daT, lit\u00e9 podlahy VGP Park \u010cesk\u00fd \u00dajezd &#8211; hala II kompletn\u00ed rozvody ZTI a \u00daT, lit\u00e9 podlahy VGP Park \u00dast\u00ed nad Labem &#8211; hala P2 kompletn\u00ed rozvody ZTI a \u00daT, lit\u00e9 podlahy OC Tamda &hellip;\" \/>\n<meta property=\"og:url\" content=\"https:\/\/www.gasservis.cz\/index.php\/reference\/\" \/>\n<meta property=\"og:site_name\" content=\"gasservis.cz\" \/>\n<meta property=\"article:modified_time\" content=\"2021-01-17T10:32:03+00:00\" \/>\n<meta name=\"twitter:card\" content=\"summary_large_image\" \/>\n<meta name=\"twitter:label1\" content=\"Odhadovan\u00e1 doba \u010dten\u00ed\" \/>\n\t<meta name=\"twitter:data1\" content=\"1 minuta\" \/>\n<script type=\"application\/ld+json\" class=\"yoast-schema-graph\">{\"@context\":\"https:\/\/schema.org\",\"@graph\":[{\"@type\":\"WebPage\",\"@id\":\"https:\/\/www.gasservis.cz\/index.php\/reference\/\",\"url\":\"https:\/\/www.gasservis.cz\/index.php\/reference\/\",\"name\":\"tamda vgp\",\"isPartOf\":{\"@id\":\"https:\/\/www.gasservis.cz\/#website\"},\"datePublished\":\"2021-01-14T21:26:23+00:00\",\"dateModified\":\"2021-01-17T10:32:03+00:00\",\"breadcrumb\":{\"@id\":\"https:\/\/www.gasservis.cz\/index.php\/reference\/#breadcrumb\"},\"inLanguage\":\"cs\",\"potentialAction\":[{\"@type\":\"ReadAction\",\"target\":[\"https:\/\/www.gasservis.cz\/index.php\/reference\/\"]}]},{\"@type\":\"BreadcrumbList\",\"@id\":\"https:\/\/www.gasservis.cz\/index.php\/reference\/#breadcrumb\",\"itemListElement\":[{\"@type\":\"ListItem\",\"position\":1,\"name\":\"Dom\u016f\",\"item\":\"https:\/\/www.gasservis.cz\/\"},{\"@type\":\"ListItem\",\"position\":2,\"name\":\"reference\"}]},{\"@type\":\"WebSite\",\"@id\":\"https:\/\/www.gasservis.cz\/#website\",\"url\":\"https:\/\/www.gasservis.cz\/\",\"name\":\"gasservis.cz\",\"description\":\"revizn\u00ed a mont\u00e1\u017en\u00ed pr\u00e1ce\",\"publisher\":{\"@id\":\"https:\/\/www.gasservis.cz\/#organization\"},\"potentialAction\":[{\"@type\":\"SearchAction\",\"target\":{\"@type\":\"EntryPoint\",\"urlTemplate\":\"https:\/\/www.gasservis.cz\/?s={search_term_string}\"},\"query-input\":\"required name=search_term_string\"}],\"inLanguage\":\"cs\"},{\"@type\":\"Organization\",\"@id\":\"https:\/\/www.gasservis.cz\/#organization\",\"name\":\"GASSERVIS - \u00dast\u00ed n. L. s.r.o.\",\"url\":\"https:\/\/www.gasservis.cz\/\",\"logo\":{\"@type\":\"ImageObject\",\"inLanguage\":\"cs\",\"@id\":\"https:\/\/www.gasservis.cz\/#\/schema\/logo\/image\/\",\"url\":\"https:\/\/www.gasservis.cz\/wp-content\/uploads\/2021\/01\/logo-s.r.o.-1-scaled.jpg\",\"contentUrl\":\"https:\/\/www.gasservis.cz\/wp-content\/uploads\/2021\/01\/logo-s.r.o.-1-scaled.jpg\",\"width\":2560,\"height\":678,\"caption\":\"GASSERVIS - \u00dast\u00ed n. L. s.r.o.\"},\"image\":{\"@id\":\"https:\/\/www.gasservis.cz\/#\/schema\/logo\/image\/\"}}]}<\/script>\n<!-- \/ Yoast SEO plugin. -->","yoast_head_json":{"title":"tamda vgp","robots":{"index":"index","follow":"follow","max-snippet":"max-snippet:-1","max-image-preview":"max-image-preview:large","max-video-preview":"max-video-preview:-1"},"canonical":"https:\/\/www.gasservis.cz\/index.php\/reference\/","og_locale":"cs_CZ","og_type":"article","og_title":"tamda vgp","og_description":"VGP Park \u010cesk\u00fd \u00dajezd &#8211; hala I kompletn\u00ed rozvody ZTI a \u00daT, lit\u00e9 podlahy VGP Park \u010cesk\u00fd \u00dajezd &#8211; hala II kompletn\u00ed rozvody ZTI a \u00daT, lit\u00e9 podlahy VGP Park \u00dast\u00ed nad Labem &#8211; hala P2 kompletn\u00ed rozvody ZTI a \u00daT, lit\u00e9 podlahy OC Tamda &hellip;","og_url":"https:\/\/www.gasservis.cz\/index.php\/reference\/","og_site_name":"gasservis.cz","article_modified_time":"2021-01-17T10:32:03+00:00","twitter_card":"summary_large_image","twitter_misc":{"Odhadovan\u00e1 doba \u010dten\u00ed":"1 minuta"},"schema":{"@context":"https:\/\/schema.org","@graph":[{"@type":"WebPage","@id":"https:\/\/www.gasservis.cz\/index.php\/reference\/","url":"https:\/\/www.gasservis.cz\/index.php\/reference\/","name":"tamda vgp","isPartOf":{"@id":"https:\/\/www.gasservis.cz\/#website"},"datePublished":"2021-01-14T21:26:23+00:00","dateModified":"2021-01-17T10:32:03+00:00","breadcrumb":{"@id":"https:\/\/www.gasservis.cz\/index.php\/reference\/#breadcrumb"},"inLanguage":"cs","potentialAction":[{"@type":"ReadAction","target":["https:\/\/www.gasservis.cz\/index.php\/reference\/"]}]},{"@type":"BreadcrumbList","@id":"https:\/\/www.gasservis.cz\/index.php\/reference\/#breadcrumb","itemListElement":[{"@type":"ListItem","position":1,"name":"Dom\u016f","item":"https:\/\/www.gasservis.cz\/"},{"@type":"ListItem","position":2,"name":"reference"}]},{"@type":"WebSite","@id":"https:\/\/www.gasservis.cz\/#website","url":"https:\/\/www.gasservis.cz\/","name":"gasservis.cz","description":"revizn\u00ed a mont\u00e1\u017en\u00ed pr\u00e1ce","publisher":{"@id":"https:\/\/www.gasservis.cz\/#organization"},"potentialAction":[{"@type":"SearchAction","target":{"@type":"EntryPoint","urlTemplate":"https:\/\/www.gasservis.cz\/?s={search_term_string}"},"query-input":"required name=search_term_string"}],"inLanguage":"cs"},{"@type":"Organization","@id":"https:\/\/www.gasservis.cz\/#organization","name":"GASSERVIS - \u00dast\u00ed n. L. s.r.o.","url":"https:\/\/www.gasservis.cz\/","logo":{"@type":"ImageObject","inLanguage":"cs","@id":"https:\/\/www.gasservis.cz\/#\/schema\/logo\/image\/","url":"https:\/\/www.gasservis.cz\/wp-content\/uploads\/2021\/01\/logo-s.r.o.-1-scaled.jpg","contentUrl":"https:\/\/www.gasservis.cz\/wp-content\/uploads\/2021\/01\/logo-s.r.o.-1-scaled.jpg","width":2560,"height":678,"caption":"GASSERVIS - \u00dast\u00ed n. L. s.r.o."},"image":{"@id":"https:\/\/www.gasservis.cz\/#\/schema\/logo\/image\/"}}]}},"_links":{"self":[{"href":"https:\/\/www.gasservis.cz\/index.php\/wp-json\/wp\/v2\/pages\/84"}],"collection":[{"href":"https:\/\/www.gasservis.cz\/index.php\/wp-json\/wp\/v2\/pages"}],"about":[{"href":"https:\/\/www.gasservis.cz\/index.php\/wp-json\/wp\/v2\/types\/page"}],"author":[{"embeddable":true,"href":"https:\/\/www.gasservis.cz\/index.php\/wp-json\/wp\/v2\/users\/1"}],"replies":[{"embeddable":true,"href":"https:\/\/www.gasservis.cz\/index.php\/wp-json\/wp\/v2\/comments?post=84"}],"version-history":[{"count":4,"href":"https:\/\/www.gasservis.cz\/index.php\/wp-json\/wp\/v2\/pages\/84\/revisions"}],"predecessor-version":[{"id":175,"href":"https:\/\/www.gasservis.cz\/index.php\/wp-json\/wp\/v2\/pages\/84\/revisions\/175"}],"wp:attachment":[{"href":"https:\/\/www.gasservis.cz\/index.php\/wp-json\/wp\/v2\/media?parent=84"}],"curies":[{"name":"wp","href":"https:\/\/api.w.org\/{rel}","templated":true}]}}