{"id":31,"date":"2021-01-14T20:19:59","date_gmt":"2021-01-14T20:19:59","guid":{"rendered":"http:\/\/www.gasservis.cz\/?page_id=31"},"modified":"2022-01-18T21:15:41","modified_gmt":"2022-01-18T21:15:41","slug":"stavebni-prace","status":"publish","type":"page","link":"https:\/\/www.gasservis.cz\/index.php\/stavebni-prace\/","title":{"rendered":"stavebn\u00ed pr\u00e1ce"},"content":{"rendered":"\t\t<div data-elementor-type=\"wp-page\" data-elementor-id=\"31\" class=\"elementor elementor-31\">\n\t\t\t\t\t\t<section class=\"elementor-section elementor-top-section elementor-element elementor-element-3b45c7d2 elementor-section-boxed elementor-section-height-default elementor-section-height-default\" data-id=\"3b45c7d2\" data-element_type=\"section\">\n\t\t\t\t\t\t<div class=\"elementor-container elementor-column-gap-default\">\n\t\t\t\t\t<div class=\"elementor-column elementor-col-100 elementor-top-column elementor-element elementor-element-6218908e\" data-id=\"6218908e\" data-element_type=\"column\">\n\t\t\t<div class=\"elementor-widget-wrap elementor-element-populated\">\n\t\t\t\t\t\t<div class=\"elementor-element elementor-element-3aed7c4e elementor-widget elementor-widget-text-editor\" data-id=\"3aed7c4e\" data-element_type=\"widget\" data-widget_type=\"text-editor.default\">\n\t\t\t\t<div class=\"elementor-widget-container\">\n\t\t\t\t\t\t\t<p style=\"font-variant-numeric: normal; font-variant-east-asian: normal;\" align=\"justify\"><span style=\"color: #000000;\"><span style=\"font-family: Times New Roman, serif;\"><span style=\"font-size: 12pt;\"> Na\u0161e spole\u010dnost je dodavatelem stavebn\u00edch prac\u00ed. Zajist\u00edme pro V\u00e1s novou v\u00fdstavbu, rekonstrukce i stavebn\u00ed \u00fapravy. Poskytujeme slu\u017eby &#8222;na kl\u00ed\u010d&#8220; &#8211; zajist\u00edme projektovou dokumentaci, \u00fazemn\u00ed rozhodnut\u00ed i stavebn\u00ed povolen\u00ed, dod\u00e1me stavebn\u00ed pr\u00e1ce a p\u0159iprav\u00edme kolaudaci.<\/span><\/span><\/span><\/p>\n<p style=\"font-variant-numeric: normal; font-variant-east-asian: normal;\" align=\"justify\">\n<\/p><h2 class=\"western\" style=\"font-variant-numeric: normal; font-variant-east-asian: normal;\"><span style=\"color: #0000cc;\"><span style=\"font-family: Times New Roman, serif;\">Stavby na kl\u00ed\u010d:<\/span><\/span><\/h2>\n<p style=\"font-variant-numeric: normal; font-variant-east-asian: normal;\" align=\"left\"><span style=\"color: #000000;\"><span style=\"font-family: Times New Roman, serif;\"><span style=\"font-size: 12pt;\">Realizujeme v\u0161echny typy pozemn\u00edch staveb &#8211; bytov\u00e9, ob\u010dansk\u00e9, komer\u010dn\u00ed i pr\u016fmyslov\u00e9.<\/span><\/span><\/span><\/p>\n<p align=\"left\"><span style=\"font-variant-numeric: normal; font-variant-east-asian: normal;\"><span style=\"color: #000000;\"><span style=\"font-family: Times New Roman, serif;\"><span style=\"font-size: 12pt;\">Stavebn\u00ed zak\u00e1zku od V\u00e1s p\u0159ebereme ji\u017e v okam\u017eiku investi\u010dn\u00edho z\u00e1m\u011bru v\u00fdstavby.<br>Zjist\u00edme <\/span><\/span><\/span><\/span><strong><span style=\"font-variant-numeric: normal; font-variant-east-asian: normal;\"><span style=\"color: #000000;\"><span style=\"font-family: Times New Roman, serif;\"><span style=\"font-size: 12pt;\"><span style=\"font-weight: normal;\">p\u0159edprojektovou p\u0159\u00edpravu <\/span><\/span><\/span><\/span><\/span><\/strong><span style=\"font-variant-numeric: normal; font-variant-east-asian: normal;\"><span style=\"color: #000000;\"><span style=\"font-family: Times New Roman, serif;\"><span style=\"font-size: 12pt;\">a <\/span><\/span><\/span><\/span><strong><span style=\"font-variant-numeric: normal; font-variant-east-asian: normal;\"><span style=\"color: #000000;\"><span style=\"font-family: Times New Roman, serif;\"><span style=\"font-size: 12pt;\"><span style=\"font-weight: normal;\">podklady pro vyd\u00e1n\u00ed \u00fazemn\u00edho rozhodnut\u00ed<\/span><\/span><\/span><\/span><\/span><\/strong><span style=\"font-variant-numeric: normal; font-variant-east-asian: normal;\"><span style=\"color: #000000;\"><span style=\"font-family: Times New Roman, serif;\"><span style=\"font-size: 12pt;\">.<br>N\u00e1sledn\u011b pro V\u00e1s ve spolupr\u00e1ci s vybran\u00fdm projektantem zpracujeme <\/span><\/span><\/span><\/span><strong><span style=\"font-variant-numeric: normal; font-variant-east-asian: normal;\"><span style=\"color: #000000;\"><span style=\"font-family: Times New Roman, serif;\"><span style=\"font-size: 12pt;\"><span style=\"font-weight: normal;\">kompletn\u00ed projektovou dokumentaci <\/span><\/span><\/span><\/span><\/span><\/strong><span style=\"font-variant-numeric: normal; font-variant-east-asian: normal;\"><span style=\"color: #000000;\"><span style=\"font-family: Times New Roman, serif;\"><span style=\"font-size: 12pt;\">a p\u0159iprav\u00edme <\/span><\/span><\/span><\/span><strong><span style=\"font-variant-numeric: normal; font-variant-east-asian: normal;\"><span style=\"color: #000000;\"><span style=\"font-family: Times New Roman, serif;\"><span style=\"font-size: 12pt;\"><span style=\"font-weight: normal;\">doklady ke stavebn\u00edmu \u0159\u00edzen\u00ed<\/span><\/span><\/span><\/span><\/span><\/strong><span style=\"font-variant-numeric: normal; font-variant-east-asian: normal;\"><span style=\"color: #000000;\"><span style=\"font-family: Times New Roman, serif;\"><span style=\"font-size: 12pt;\">.<br>Po vyd\u00e1n\u00ed stavebn\u00edho povolen\u00ed <\/span><\/span><\/span><\/span><strong><span style=\"font-variant-numeric: normal; font-variant-east-asian: normal;\"><span style=\"color: #000000;\"><span style=\"font-family: Times New Roman, serif;\"><span style=\"font-size: 12pt;\"><span style=\"font-weight: normal;\">dod\u00e1me v\u0161echny stavebn\u00ed pr\u00e1ce <\/span><\/span><\/span><\/span><\/span><\/strong><span style=\"font-variant-numeric: normal; font-variant-east-asian: normal;\"><span style=\"color: #000000;\"><span style=\"font-family: Times New Roman, serif;\"><span style=\"font-size: 12pt;\">a po jejich dokon\u010den\u00ed <\/span><\/span><\/span><\/span><strong><span style=\"font-variant-numeric: normal; font-variant-east-asian: normal;\"><span style=\"color: #000000;\"><span style=\"font-family: Times New Roman, serif;\"><span style=\"font-size: 12pt;\"><span style=\"font-weight: normal;\">p\u0159iprav\u00edme kolaudaci<\/span><\/span><\/span><\/span><\/span><\/strong><span style=\"font-variant-numeric: normal; font-variant-east-asian: normal;\"><span style=\"color: #000000;\"><span style=\"font-family: Times New Roman, serif;\"><span style=\"font-size: 12pt;\">.<\/span><\/span><\/span><\/span><\/p>\n<h2 class=\"western\" style=\"font-variant-numeric: normal; font-variant-east-asian: normal;\" align=\"left\"><span style=\"color: #0000cc;\"><span style=\"font-family: Times New Roman, serif;\">Stavebn\u00ed \u00fapravy:<\/span><\/span><\/h2>\n<p align=\"left\"><span style=\"font-variant-numeric: normal; font-variant-east-asian: normal;\"><span style=\"color: #000000;\"><span style=\"font-family: Times New Roman, serif;\"><span style=\"font-size: 12pt;\">Sv\u00e9 slu\u017eby nenab\u00edz\u00edme jen velk\u00fdm investor\u016fm.<br>D\u00edky vysok\u00e9 odbornosti, zru\u010dnosti a flexibilit\u011b na\u0161ich zam\u011bstnanc\u016f jsme schopni prov\u00e1d\u011bt i drobn\u00e9 stavebn\u00ed \u00fapravy, jako jsou <\/span><\/span><\/span><\/span><strong><span style=\"font-variant-numeric: normal; font-variant-east-asian: normal;\"><span style=\"color: #000000;\"><span style=\"font-family: Times New Roman, serif;\"><span style=\"font-size: 12pt;\"><span style=\"font-weight: normal;\">p\u0159estavby <\/span><\/span><\/span><\/span><\/span><\/strong><span style=\"font-variant-numeric: normal; font-variant-east-asian: normal;\"><span style=\"color: #000000;\"><span style=\"font-family: Times New Roman, serif;\"><span style=\"font-size: 12pt;\">byt\u016f nebo rodinn\u00fdch dom\u016f, <\/span><\/span><\/span><\/span><strong><span style=\"font-variant-numeric: normal; font-variant-east-asian: normal;\"><span style=\"color: #000000;\"><span style=\"font-family: Times New Roman, serif;\"><span style=\"font-size: 12pt;\"><span style=\"font-weight: normal;\">p\u0159\u00edstavby <\/span><\/span><\/span><\/span><\/span><\/strong><span style=\"font-variant-numeric: normal; font-variant-east-asian: normal;\"><span style=\"color: #000000;\"><span style=\"font-family: Times New Roman, serif;\"><span style=\"font-size: 12pt;\">a roz\u0161i\u0159ov\u00e1n\u00ed objekt\u016f.<\/span><\/span><\/span><\/span><\/p><p align=\"left\"><span style=\"font-variant-numeric: normal; font-variant-east-asian: normal;\"><span style=\"color: #000000;\"><span style=\"font-family: Times New Roman, serif;\"><span style=\"font-size: 12pt;\"><br><\/span><\/span><\/span><b style=\"font-family: &quot;Times New Roman&quot;, serif; color: rgb(0, 0, 204); font-size: 32px;\">Dopl\u0148kov\u00e9 pr\u00e1ce:<\/b><span style=\"color: #000000;\"><span style=\"font-family: Times New Roman, serif;\"><span style=\"font-size: 12pt;\"><br><\/span><\/span><\/span><\/span><\/p>\n<p align=\"left\"><span style=\"color: #000000;\"><span style=\"font-family: Times New Roman, serif;\"><span style=\"font-size: medium;\">K v\u00fdstavb\u011b rodinn\u00fd domu samoz\u0159ejm\u011b pat\u0159\u00ed op\u011brn\u00e9 z\u00eddky, r\u016fzn\u00e9 chodn\u00ed\u010dky a parkovac\u00ed st\u00e1n\u00ed, kter\u00e9 V\u00e1m dle Va\u0161ich po\u017eadavk\u016f zhotov\u00edme.<\/span><\/span><\/span><\/p>\t\t\t\t\t\t<\/div>\n\t\t\t\t<\/div>\n\t\t\t\t\t<\/div>\n\t\t<\/div>\n\t\t\t\t\t<\/div>\n\t\t<\/section>\n\t\t\t\t<section class=\"elementor-section elementor-top-section elementor-element elementor-element-bfea9e7 elementor-section-boxed elementor-section-height-default elementor-section-height-default\" data-id=\"bfea9e7\" data-element_type=\"section\">\n\t\t\t\t\t\t<div class=\"elementor-container elementor-column-gap-default\">\n\t\t\t\t\t<div class=\"elementor-column elementor-col-100 elementor-top-column elementor-element elementor-element-585b980\" data-id=\"585b980\" data-element_type=\"column\">\n\t\t\t<div class=\"elementor-widget-wrap elementor-element-populated\">\n\t\t\t\t\t\t<div class=\"elementor-element elementor-element-6fc0a91 elementor-arrows-position-inside elementor-pagination-position-outside elementor-widget elementor-widget-image-carousel\" data-id=\"6fc0a91\" data-element_type=\"widget\" data-settings=\"{&quot;navigation&quot;:&quot;both&quot;,&quot;autoplay&quot;:&quot;yes&quot;,&quot;pause_on_hover&quot;:&quot;yes&quot;,&quot;pause_on_interaction&quot;:&quot;yes&quot;,&quot;autoplay_speed&quot;:5000,&quot;infinite&quot;:&quot;yes&quot;,&quot;speed&quot;:500}\" data-widget_type=\"image-carousel.default\">\n\t\t\t\t<div class=\"elementor-widget-container\">\n\t\t\t\t\t<div class=\"elementor-image-carousel-wrapper swiper\" dir=\"ltr\">\n\t\t\t<div class=\"elementor-image-carousel swiper-wrapper\" aria-live=\"off\">\n\t\t\t\t\t\t\t\t<div class=\"swiper-slide\" role=\"group\" aria-roledescription=\"slide\" aria-label=\"1 z 12\"><figure class=\"swiper-slide-inner\"><img decoding=\"async\" class=\"swiper-slide-image\" src=\"https:\/\/www.gasservis.cz\/wp-content\/uploads\/2022\/01\/20210908_144613-150x150.jpg\" alt=\"20210908_144613\" \/><\/figure><\/div><div class=\"swiper-slide\" role=\"group\" aria-roledescription=\"slide\" aria-label=\"2 z 12\"><figure class=\"swiper-slide-inner\"><img decoding=\"async\" class=\"swiper-slide-image\" src=\"https:\/\/www.gasservis.cz\/wp-content\/uploads\/2022\/01\/20211110_095012-150x150.jpg\" alt=\"20211110_095012\" \/><\/figure><\/div><div class=\"swiper-slide\" role=\"group\" aria-roledescription=\"slide\" aria-label=\"3 z 12\"><figure class=\"swiper-slide-inner\"><img decoding=\"async\" class=\"swiper-slide-image\" src=\"https:\/\/www.gasservis.cz\/wp-content\/uploads\/2022\/01\/20211110_162750-150x150.jpg\" alt=\"20211110_162750\" \/><\/figure><\/div><div class=\"swiper-slide\" role=\"group\" aria-roledescription=\"slide\" aria-label=\"4 z 12\"><figure class=\"swiper-slide-inner\"><img decoding=\"async\" class=\"swiper-slide-image\" src=\"https:\/\/www.gasservis.cz\/wp-content\/uploads\/2022\/01\/20211211_160433-150x150.jpg\" alt=\"20211211_160433\" \/><\/figure><\/div><div class=\"swiper-slide\" role=\"group\" aria-roledescription=\"slide\" aria-label=\"5 z 12\"><figure class=\"swiper-slide-inner\"><img decoding=\"async\" class=\"swiper-slide-image\" src=\"https:\/\/www.gasservis.cz\/wp-content\/uploads\/2022\/01\/20200802_171949-150x150.jpg\" alt=\"20200802_171949\" \/><\/figure><\/div><div class=\"swiper-slide\" role=\"group\" aria-roledescription=\"slide\" aria-label=\"6 z 12\"><figure class=\"swiper-slide-inner\"><img decoding=\"async\" class=\"swiper-slide-image\" src=\"https:\/\/www.gasservis.cz\/wp-content\/uploads\/2022\/01\/20200810_084329-150x150.jpg\" alt=\"20200810_084329\" \/><\/figure><\/div><div class=\"swiper-slide\" role=\"group\" aria-roledescription=\"slide\" aria-label=\"7 z 12\"><figure class=\"swiper-slide-inner\"><img decoding=\"async\" class=\"swiper-slide-image\" src=\"https:\/\/www.gasservis.cz\/wp-content\/uploads\/2022\/01\/20200720_161259-150x150.jpg\" alt=\"20200720_161259\" \/><\/figure><\/div><div class=\"swiper-slide\" role=\"group\" aria-roledescription=\"slide\" aria-label=\"8 z 12\"><figure class=\"swiper-slide-inner\"><img decoding=\"async\" class=\"swiper-slide-image\" src=\"https:\/\/www.gasservis.cz\/wp-content\/uploads\/2022\/01\/20190221_170025-150x150.jpg\" alt=\"20190221_170025\" \/><\/figure><\/div><div class=\"swiper-slide\" role=\"group\" aria-roledescription=\"slide\" aria-label=\"9 z 12\"><figure class=\"swiper-slide-inner\"><img decoding=\"async\" class=\"swiper-slide-image\" src=\"https:\/\/www.gasservis.cz\/wp-content\/uploads\/2022\/01\/20181208_151541-150x150.jpg\" alt=\"20181208_151541\" \/><\/figure><\/div><div class=\"swiper-slide\" role=\"group\" aria-roledescription=\"slide\" aria-label=\"10 z 12\"><figure class=\"swiper-slide-inner\"><img decoding=\"async\" class=\"swiper-slide-image\" src=\"https:\/\/www.gasservis.cz\/wp-content\/uploads\/2022\/01\/20181201_085411-150x150.jpg\" alt=\"20181201_085411\" \/><\/figure><\/div><div class=\"swiper-slide\" role=\"group\" aria-roledescription=\"slide\" aria-label=\"11 z 12\"><figure class=\"swiper-slide-inner\"><img decoding=\"async\" class=\"swiper-slide-image\" src=\"https:\/\/www.gasservis.cz\/wp-content\/uploads\/2022\/01\/20170814_084951-150x150.jpg\" alt=\"20170814_084951\" \/><\/figure><\/div><div class=\"swiper-slide\" role=\"group\" aria-roledescription=\"slide\" aria-label=\"12 z 12\"><figure class=\"swiper-slide-inner\"><img decoding=\"async\" class=\"swiper-slide-image\" src=\"https:\/\/www.gasservis.cz\/wp-content\/uploads\/2022\/01\/20201111_145814-150x150.jpg\" alt=\"20201111_145814\" \/><\/figure><\/div>\t\t\t<\/div>\n\t\t\t\t\t\t\t\t\t\t\t\t<div class=\"elementor-swiper-button elementor-swiper-button-prev\" role=\"button\" tabindex=\"0\">\n\t\t\t\t\t\t<i aria-hidden=\"true\" class=\"eicon-chevron-left\"><\/i>\t\t\t\t\t<\/div>\n\t\t\t\t\t<div class=\"elementor-swiper-button elementor-swiper-button-next\" role=\"button\" tabindex=\"0\">\n\t\t\t\t\t\t<i aria-hidden=\"true\" class=\"eicon-chevron-right\"><\/i>\t\t\t\t\t<\/div>\n\t\t\t\t\n\t\t\t\t\t\t\t\t\t<div class=\"swiper-pagination\"><\/div>\n\t\t\t\t\t\t\t\t\t<\/div>\n\t\t\t\t<\/div>\n\t\t\t\t<\/div>\n\t\t\t\t\t<\/div>\n\t\t<\/div>\n\t\t\t\t\t<\/div>\n\t\t<\/section>\n\t\t\t\t<\/div>\n\t\t","protected":false},"excerpt":{"rendered":"<p>Na\u0161e spole\u010dnost je dodavatelem stavebn\u00edch prac\u00ed. Zajist\u00edme pro V\u00e1s novou v\u00fdstavbu, rekonstrukce i stavebn\u00ed \u00fapravy. Poskytujeme slu\u017eby &#8222;na kl\u00ed\u010d&#8220; &#8211; zajist\u00edme projektovou dokumentaci, \u00fazemn\u00ed rozhodnut\u00ed i stavebn\u00ed povolen\u00ed, dod\u00e1me stavebn\u00ed pr\u00e1ce a p\u0159iprav\u00edme kolaudaci. Stavby na kl\u00ed\u010d: Realizujeme v\u0161echny typy pozemn\u00edch staveb &#8211; bytov\u00e9, ob\u010dansk\u00e9, &hellip; <\/p>\n","protected":false},"author":1,"featured_media":0,"parent":0,"menu_order":0,"comment_status":"closed","ping_status":"closed","template":"","meta":{"footnotes":""},"yoast_head":"<!-- This site is optimized with the Yoast SEO plugin v22.5 - https:\/\/yoast.com\/wordpress\/plugins\/seo\/ -->\n<title>stavba sdk zdi na kl\u00ed\u010d<\/title>\n<meta name=\"robots\" content=\"index, follow, max-snippet:-1, max-image-preview:large, max-video-preview:-1\" \/>\n<link rel=\"canonical\" href=\"http:\/\/www.gasservis.cz\/index.php\/stavebni-prace\/\" \/>\n<meta property=\"og:locale\" content=\"cs_CZ\" \/>\n<meta property=\"og:type\" content=\"article\" \/>\n<meta property=\"og:title\" content=\"stavba sdk zdi na kl\u00ed\u010d\" \/>\n<meta property=\"og:description\" content=\"Na\u0161e spole\u010dnost je dodavatelem stavebn\u00edch prac\u00ed. Zajist\u00edme pro V\u00e1s novou v\u00fdstavbu, rekonstrukce i stavebn\u00ed \u00fapravy. Poskytujeme slu\u017eby &#8222;na kl\u00ed\u010d&#8220; &#8211; zajist\u00edme projektovou dokumentaci, \u00fazemn\u00ed rozhodnut\u00ed i stavebn\u00ed povolen\u00ed, dod\u00e1me stavebn\u00ed pr\u00e1ce a p\u0159iprav\u00edme kolaudaci. Stavby na kl\u00ed\u010d: Realizujeme v\u0161echny typy pozemn\u00edch staveb &#8211; bytov\u00e9, ob\u010dansk\u00e9, &hellip;\" \/>\n<meta property=\"og:url\" content=\"http:\/\/www.gasservis.cz\/index.php\/stavebni-prace\/\" \/>\n<meta property=\"og:site_name\" content=\"gasservis.cz\" \/>\n<meta property=\"article:modified_time\" content=\"2022-01-18T21:15:41+00:00\" \/>\n<meta property=\"og:image\" content=\"http:\/\/www.gasservis.cz\/wp-content\/uploads\/2022\/01\/20210908_144613-150x150.jpg\" \/>\n<meta name=\"twitter:card\" content=\"summary_large_image\" \/>\n<meta name=\"twitter:label1\" content=\"Odhadovan\u00e1 doba \u010dten\u00ed\" \/>\n\t<meta name=\"twitter:data1\" content=\"5 minut\" \/>\n<script type=\"application\/ld+json\" class=\"yoast-schema-graph\">{\"@context\":\"https:\/\/schema.org\",\"@graph\":[{\"@type\":\"WebPage\",\"@id\":\"http:\/\/www.gasservis.cz\/index.php\/stavebni-prace\/\",\"url\":\"http:\/\/www.gasservis.cz\/index.php\/stavebni-prace\/\",\"name\":\"stavba sdk zdi na kl\u00ed\u010d\",\"isPartOf\":{\"@id\":\"https:\/\/www.gasservis.cz\/#website\"},\"primaryImageOfPage\":{\"@id\":\"http:\/\/www.gasservis.cz\/index.php\/stavebni-prace\/#primaryimage\"},\"image\":{\"@id\":\"http:\/\/www.gasservis.cz\/index.php\/stavebni-prace\/#primaryimage\"},\"thumbnailUrl\":\"http:\/\/www.gasservis.cz\/wp-content\/uploads\/2022\/01\/20210908_144613-150x150.jpg\",\"datePublished\":\"2021-01-14T20:19:59+00:00\",\"dateModified\":\"2022-01-18T21:15:41+00:00\",\"breadcrumb\":{\"@id\":\"http:\/\/www.gasservis.cz\/index.php\/stavebni-prace\/#breadcrumb\"},\"inLanguage\":\"cs\",\"potentialAction\":[{\"@type\":\"ReadAction\",\"target\":[\"http:\/\/www.gasservis.cz\/index.php\/stavebni-prace\/\"]}]},{\"@type\":\"ImageObject\",\"inLanguage\":\"cs\",\"@id\":\"http:\/\/www.gasservis.cz\/index.php\/stavebni-prace\/#primaryimage\",\"url\":\"http:\/\/www.gasservis.cz\/wp-content\/uploads\/2022\/01\/20210908_144613-150x150.jpg\",\"contentUrl\":\"http:\/\/www.gasservis.cz\/wp-content\/uploads\/2022\/01\/20210908_144613-150x150.jpg\"},{\"@type\":\"BreadcrumbList\",\"@id\":\"http:\/\/www.gasservis.cz\/index.php\/stavebni-prace\/#breadcrumb\",\"itemListElement\":[{\"@type\":\"ListItem\",\"position\":1,\"name\":\"Dom\u016f\",\"item\":\"https:\/\/www.gasservis.cz\/\"},{\"@type\":\"ListItem\",\"position\":2,\"name\":\"stavebn\u00ed pr\u00e1ce\"}]},{\"@type\":\"WebSite\",\"@id\":\"https:\/\/www.gasservis.cz\/#website\",\"url\":\"https:\/\/www.gasservis.cz\/\",\"name\":\"gasservis.cz\",\"description\":\"revizn\u00ed a mont\u00e1\u017en\u00ed pr\u00e1ce\",\"publisher\":{\"@id\":\"https:\/\/www.gasservis.cz\/#organization\"},\"potentialAction\":[{\"@type\":\"SearchAction\",\"target\":{\"@type\":\"EntryPoint\",\"urlTemplate\":\"https:\/\/www.gasservis.cz\/?s={search_term_string}\"},\"query-input\":\"required name=search_term_string\"}],\"inLanguage\":\"cs\"},{\"@type\":\"Organization\",\"@id\":\"https:\/\/www.gasservis.cz\/#organization\",\"name\":\"GASSERVIS - \u00dast\u00ed n. L. s.r.o.\",\"url\":\"https:\/\/www.gasservis.cz\/\",\"logo\":{\"@type\":\"ImageObject\",\"inLanguage\":\"cs\",\"@id\":\"https:\/\/www.gasservis.cz\/#\/schema\/logo\/image\/\",\"url\":\"https:\/\/www.gasservis.cz\/wp-content\/uploads\/2021\/01\/logo-s.r.o.-1-scaled.jpg\",\"contentUrl\":\"https:\/\/www.gasservis.cz\/wp-content\/uploads\/2021\/01\/logo-s.r.o.-1-scaled.jpg\",\"width\":2560,\"height\":678,\"caption\":\"GASSERVIS - \u00dast\u00ed n. L. s.r.o.\"},\"image\":{\"@id\":\"https:\/\/www.gasservis.cz\/#\/schema\/logo\/image\/\"}}]}<\/script>\n<!-- \/ Yoast SEO plugin. -->","yoast_head_json":{"title":"stavba sdk zdi na kl\u00ed\u010d","robots":{"index":"index","follow":"follow","max-snippet":"max-snippet:-1","max-image-preview":"max-image-preview:large","max-video-preview":"max-video-preview:-1"},"canonical":"http:\/\/www.gasservis.cz\/index.php\/stavebni-prace\/","og_locale":"cs_CZ","og_type":"article","og_title":"stavba sdk zdi na kl\u00ed\u010d","og_description":"Na\u0161e spole\u010dnost je dodavatelem stavebn\u00edch prac\u00ed. Zajist\u00edme pro V\u00e1s novou v\u00fdstavbu, rekonstrukce i stavebn\u00ed \u00fapravy. Poskytujeme slu\u017eby &#8222;na kl\u00ed\u010d&#8220; &#8211; zajist\u00edme projektovou dokumentaci, \u00fazemn\u00ed rozhodnut\u00ed i stavebn\u00ed povolen\u00ed, dod\u00e1me stavebn\u00ed pr\u00e1ce a p\u0159iprav\u00edme kolaudaci. Stavby na kl\u00ed\u010d: Realizujeme v\u0161echny typy pozemn\u00edch staveb &#8211; bytov\u00e9, ob\u010dansk\u00e9, &hellip;","og_url":"http:\/\/www.gasservis.cz\/index.php\/stavebni-prace\/","og_site_name":"gasservis.cz","article_modified_time":"2022-01-18T21:15:41+00:00","og_image":[{"url":"http:\/\/www.gasservis.cz\/wp-content\/uploads\/2022\/01\/20210908_144613-150x150.jpg"}],"twitter_card":"summary_large_image","twitter_misc":{"Odhadovan\u00e1 doba \u010dten\u00ed":"5 minut"},"schema":{"@context":"https:\/\/schema.org","@graph":[{"@type":"WebPage","@id":"http:\/\/www.gasservis.cz\/index.php\/stavebni-prace\/","url":"http:\/\/www.gasservis.cz\/index.php\/stavebni-prace\/","name":"stavba sdk zdi na kl\u00ed\u010d","isPartOf":{"@id":"https:\/\/www.gasservis.cz\/#website"},"primaryImageOfPage":{"@id":"http:\/\/www.gasservis.cz\/index.php\/stavebni-prace\/#primaryimage"},"image":{"@id":"http:\/\/www.gasservis.cz\/index.php\/stavebni-prace\/#primaryimage"},"thumbnailUrl":"http:\/\/www.gasservis.cz\/wp-content\/uploads\/2022\/01\/20210908_144613-150x150.jpg","datePublished":"2021-01-14T20:19:59+00:00","dateModified":"2022-01-18T21:15:41+00:00","breadcrumb":{"@id":"http:\/\/www.gasservis.cz\/index.php\/stavebni-prace\/#breadcrumb"},"inLanguage":"cs","potentialAction":[{"@type":"ReadAction","target":["http:\/\/www.gasservis.cz\/index.php\/stavebni-prace\/"]}]},{"@type":"ImageObject","inLanguage":"cs","@id":"http:\/\/www.gasservis.cz\/index.php\/stavebni-prace\/#primaryimage","url":"http:\/\/www.gasservis.cz\/wp-content\/uploads\/2022\/01\/20210908_144613-150x150.jpg","contentUrl":"http:\/\/www.gasservis.cz\/wp-content\/uploads\/2022\/01\/20210908_144613-150x150.jpg"},{"@type":"BreadcrumbList","@id":"http:\/\/www.gasservis.cz\/index.php\/stavebni-prace\/#breadcrumb","itemListElement":[{"@type":"ListItem","position":1,"name":"Dom\u016f","item":"https:\/\/www.gasservis.cz\/"},{"@type":"ListItem","position":2,"name":"stavebn\u00ed pr\u00e1ce"}]},{"@type":"WebSite","@id":"https:\/\/www.gasservis.cz\/#website","url":"https:\/\/www.gasservis.cz\/","name":"gasservis.cz","description":"revizn\u00ed a mont\u00e1\u017en\u00ed pr\u00e1ce","publisher":{"@id":"https:\/\/www.gasservis.cz\/#organization"},"potentialAction":[{"@type":"SearchAction","target":{"@type":"EntryPoint","urlTemplate":"https:\/\/www.gasservis.cz\/?s={search_term_string}"},"query-input":"required name=search_term_string"}],"inLanguage":"cs"},{"@type":"Organization","@id":"https:\/\/www.gasservis.cz\/#organization","name":"GASSERVIS - \u00dast\u00ed n. L. s.r.o.","url":"https:\/\/www.gasservis.cz\/","logo":{"@type":"ImageObject","inLanguage":"cs","@id":"https:\/\/www.gasservis.cz\/#\/schema\/logo\/image\/","url":"https:\/\/www.gasservis.cz\/wp-content\/uploads\/2021\/01\/logo-s.r.o.-1-scaled.jpg","contentUrl":"https:\/\/www.gasservis.cz\/wp-content\/uploads\/2021\/01\/logo-s.r.o.-1-scaled.jpg","width":2560,"height":678,"caption":"GASSERVIS - \u00dast\u00ed n. L. s.r.o."},"image":{"@id":"https:\/\/www.gasservis.cz\/#\/schema\/logo\/image\/"}}]}},"_links":{"self":[{"href":"https:\/\/www.gasservis.cz\/index.php\/wp-json\/wp\/v2\/pages\/31"}],"collection":[{"href":"https:\/\/www.gasservis.cz\/index.php\/wp-json\/wp\/v2\/pages"}],"about":[{"href":"https:\/\/www.gasservis.cz\/index.php\/wp-json\/wp\/v2\/types\/page"}],"author":[{"embeddable":true,"href":"https:\/\/www.gasservis.cz\/index.php\/wp-json\/wp\/v2\/users\/1"}],"replies":[{"embeddable":true,"href":"https:\/\/www.gasservis.cz\/index.php\/wp-json\/wp\/v2\/comments?post=31"}],"version-history":[{"count":11,"href":"https:\/\/www.gasservis.cz\/index.php\/wp-json\/wp\/v2\/pages\/31\/revisions"}],"predecessor-version":[{"id":361,"href":"https:\/\/www.gasservis.cz\/index.php\/wp-json\/wp\/v2\/pages\/31\/revisions\/361"}],"wp:attachment":[{"href":"https:\/\/www.gasservis.cz\/index.php\/wp-json\/wp\/v2\/media?parent=31"}],"curies":[{"name":"wp","href":"https:\/\/api.w.org\/{rel}","templated":true}]}}