{"id":224,"date":"2022-01-18T20:18:55","date_gmt":"2022-01-18T20:18:55","guid":{"rendered":"http:\/\/www.gasservis.cz\/?page_id=224"},"modified":"2022-04-07T19:46:05","modified_gmt":"2022-04-07T19:46:05","slug":"alternativni-zdroje","status":"publish","type":"page","link":"https:\/\/www.gasservis.cz\/index.php\/alternativni-zdroje\/","title":{"rendered":"alternativn\u00ed zdroje"},"content":{"rendered":"\t\t<div data-elementor-type=\"wp-page\" data-elementor-id=\"224\" class=\"elementor elementor-224\">\n\t\t\t\t\t\t<section class=\"elementor-section elementor-top-section elementor-element elementor-element-89938ed elementor-section-boxed elementor-section-height-default elementor-section-height-default\" data-id=\"89938ed\" data-element_type=\"section\">\n\t\t\t\t\t\t<div class=\"elementor-container elementor-column-gap-default\">\n\t\t\t\t\t<div class=\"elementor-column elementor-col-100 elementor-top-column elementor-element elementor-element-6c6a798\" data-id=\"6c6a798\" data-element_type=\"column\">\n\t\t\t<div class=\"elementor-widget-wrap elementor-element-populated\">\n\t\t\t\t\t\t<div class=\"elementor-element elementor-element-4287034 elementor-tabs-view-horizontal elementor-widget elementor-widget-tabs\" data-id=\"4287034\" data-element_type=\"widget\" data-widget_type=\"tabs.default\">\n\t\t\t\t<div class=\"elementor-widget-container\">\n\t\t\t\t\t<div class=\"elementor-tabs\">\n\t\t\t<div class=\"elementor-tabs-wrapper\" role=\"tablist\" >\n\t\t\t\t\t\t\t\t\t<div id=\"elementor-tab-title-6971\" class=\"elementor-tab-title elementor-tab-desktop-title\" aria-selected=\"true\" data-tab=\"1\" role=\"tab\" tabindex=\"0\" aria-controls=\"elementor-tab-content-6971\" aria-expanded=\"false\">TEPELN\u00c1 \u010cERPADLA<\/div>\n\t\t\t\t\t\t\t\t\t<div id=\"elementor-tab-title-6972\" class=\"elementor-tab-title elementor-tab-desktop-title\" aria-selected=\"false\" data-tab=\"2\" role=\"tab\" tabindex=\"-1\" aria-controls=\"elementor-tab-content-6972\" aria-expanded=\"false\">REKUPERACE<\/div>\n\t\t\t\t\t\t\t\t\t<div id=\"elementor-tab-title-6973\" class=\"elementor-tab-title elementor-tab-desktop-title\" aria-selected=\"false\" data-tab=\"3\" role=\"tab\" tabindex=\"-1\" aria-controls=\"elementor-tab-content-6973\" aria-expanded=\"false\">SOL\u00c1RN\u00cd TECHNIKA<\/div>\n\t\t\t\t\t\t\t<\/div>\n\t\t\t<div class=\"elementor-tabs-content-wrapper\" role=\"tablist\" aria-orientation=\"vertical\">\n\t\t\t\t\t\t\t\t\t<div class=\"elementor-tab-title elementor-tab-mobile-title\" aria-selected=\"true\" data-tab=\"1\" role=\"tab\" tabindex=\"0\" aria-controls=\"elementor-tab-content-6971\" aria-expanded=\"false\">TEPELN\u00c1 \u010cERPADLA<\/div>\n\t\t\t\t\t<div id=\"elementor-tab-content-6971\" class=\"elementor-tab-content elementor-clearfix\" data-tab=\"1\" role=\"tabpanel\" aria-labelledby=\"elementor-tab-title-6971\" tabindex=\"0\" hidden=\"false\"><p><span style=\"color: #2e2d30; font-family: 'Open Sans', sans-serif; font-size: 14px;\">Tepeln\u00e1 \u010derpadla Buderus vzduch-voda\u00a0<\/span><span style=\"color: #2e2d30; font-family: 'Open Sans', sans-serif; font-size: 14px;\">z\u00edsk\u00e1vaj\u00ed energii z\u00a0okoln\u00edho vzduchu<\/span><span style=\"color: #2e2d30; font-family: 'Open Sans', sans-serif; font-size: 14px;\">, i\u00a0pokud venkovn\u00ed teplota klesne na -22 \u00b0C. Energii z\u00edskanou p\u0159i n\u00edzk\u00e9 teplot\u011b p\u0159e\u010derpaj\u00ed na vy\u0161\u0161\u00ed a p\u0159ed\u00e1vaj\u00ed ji do otopn\u00e9 vody. Elektrick\u00e1 energie je spot\u0159ebov\u00e1v\u00e1na jen na pohon kompresoru a ventil\u00e1toru tepeln\u00e9ho \u010derpadla. To tvo\u0159\u00ed p\u0159ibli\u017en\u011b t\u0159etinu energie, kterou tepeln\u00e9 \u010derpadlo dod\u00e1 pro oh\u0159ev otopn\u00e9 vody, zb\u00fdvaj\u00edc\u00ed energii z\u00edsk\u00e1 z\u00a0okoln\u00edho vzduchu.<\/span><\/p><\/div>\n\t\t\t\t\t\t\t\t\t<div class=\"elementor-tab-title elementor-tab-mobile-title\" aria-selected=\"false\" data-tab=\"2\" role=\"tab\" tabindex=\"-1\" aria-controls=\"elementor-tab-content-6972\" aria-expanded=\"false\">REKUPERACE<\/div>\n\t\t\t\t\t<div id=\"elementor-tab-content-6972\" class=\"elementor-tab-content elementor-clearfix\" data-tab=\"2\" role=\"tabpanel\" aria-labelledby=\"elementor-tab-title-6972\" tabindex=\"0\" hidden=\"hidden\"><p><span style=\"color: #585858;\">Rekuperace p\u0159in\u00e1\u0161\u00ed \u0159adu v\u00fdhod. P\u0159edev\u0161\u00edm jde o p\u0159\u00edsun \u010derstv\u00e9ho vzduchu a sn\u00ed\u017een\u00ed tepeln\u00fdch ztr\u00e1t. \u010cerstv\u00fd vzduch je filtrov\u00e1n, poroto se do m\u00edstnosti nedost\u00e1vaj\u00ed nap\u0159\u00edklad pily a podobn\u011b, co\u017e ocen\u00ed p\u0159edev\u0161\u00edm alergici. Z\u00e1rove\u0148 je \u010derstv\u00fd vzduch p\u0159edeh\u0159\u00edv\u00e1n ve v\u00fdm\u011bn\u00edku, vzduchem, kter\u00fd je odv\u00e1d\u011bn z objektu. Rekupera\u010dn\u00ed v\u00fdm\u011bn\u00edky dosahuj\u00ed vysok\u00fdch \u00fa\u010dinnost\u00ed p\u0159ed\u00e1n\u00ed tepla, b\u011b\u017en\u011b kolem 90 %. Rekupera\u010dn\u00ed v\u00fdm\u011bn\u00edky tepla se nej\u010dast\u011bji osazuj\u00ed p\u0159\u00edmo do v\u011btrac\u00edch jednotek. Rekuperace se vyu\u017e\u00edv\u00e1 ve v\u0161ech typech objekt\u016f p\u0159i hygienicky nutn\u00e9m v\u011btr\u00e1n\u00ed \u2013 a to od byt\u016f a rodinn\u00fdch dom\u016f, p\u0159es ob\u010dansk\u00e9 stavby, nemocnice, baz\u00e9ny a\u017e po pr\u016fmyslov\u00e9 stavby.<\/span><\/p><\/div>\n\t\t\t\t\t\t\t\t\t<div class=\"elementor-tab-title elementor-tab-mobile-title\" aria-selected=\"false\" data-tab=\"3\" role=\"tab\" tabindex=\"-1\" aria-controls=\"elementor-tab-content-6973\" aria-expanded=\"false\">SOL\u00c1RN\u00cd TECHNIKA<\/div>\n\t\t\t\t\t<div id=\"elementor-tab-content-6973\" class=\"elementor-tab-content elementor-clearfix\" data-tab=\"3\" role=\"tabpanel\" aria-labelledby=\"elementor-tab-title-6973\" tabindex=\"0\" hidden=\"hidden\"><p><span style=\"color: #585858;\">Slune\u010dn\u00ed energie pat\u0159\u00ed mezi nevy\u010derpateln\u00fd zdroj energie a nem\u00e1 \u017e\u00e1dn\u00e9 negativn\u00ed \u00fa\u010dinky na \u017eivotn\u00ed prost\u0159ed\u00ed. \u00a0Na na\u0161em \u00fazem\u00ed jsou pom\u011brn\u011b dobr\u00e9 podm\u00ednky pro vyu\u017eit\u00ed sol\u00e1rn\u00ed energie. Celkov\u00e1 doba slune\u010dn\u00edho svitu se pohybuje v rozmez\u00ed 1400 &#8211; 1700 h\/rok. V n\u011bkter\u00fdch oblastech a\u017e 2000 h\/rok. Na plochu jednoho \u010dtvere\u010dn\u00edho metru p\u0159itom dopad\u00e1 ro\u010dn\u011b cca do 1100 kWh sol\u00e1rn\u00ed energie. Syst\u00e9m se skl\u00e1d\u00e1 z ob\u011bhov\u00e9ho \u010derpadla, poji\u0161\u0165ovac\u00edch prvk\u016f, m\u011b\u0159idel, slune\u010dn\u00edho kolektoru, propojen\u00ed, sol\u00e1rn\u00ed regulace, \u0159\u00edd\u00edc\u00ed jednotky, \u010didel a podob\u011b. Sol\u00e1rn\u00ed soustava tak\u00e9 obsahuje expanzn\u00ed n\u00e1dobu, odvzdu\u0161\u0148ovac\u00ed ventil a pln\u00edc\u00ed armaturu.<\/span><\/p><\/div>\n\t\t\t\t\t\t\t<\/div>\n\t\t<\/div>\n\t\t\t\t<\/div>\n\t\t\t\t<\/div>\n\t\t\t\t\t<\/div>\n\t\t<\/div>\n\t\t\t\t\t<\/div>\n\t\t<\/section>\n\t\t\t\t<\/div>\n\t\t","protected":false},"excerpt":{"rendered":"<p>TEPELN\u00c1 \u010cERPADLA REKUPERACE SOL\u00c1RN\u00cd TECHNIKA TEPELN\u00c1 \u010cERPADLA Tepeln\u00e1 \u010derpadla Buderus vzduch-voda\u00a0z\u00edsk\u00e1vaj\u00ed energii z\u00a0okoln\u00edho vzduchu, i\u00a0pokud venkovn\u00ed teplota klesne na -22 \u00b0C. Energii z\u00edskanou p\u0159i n\u00edzk\u00e9 teplot\u011b p\u0159e\u010derpaj\u00ed na vy\u0161\u0161\u00ed a p\u0159ed\u00e1vaj\u00ed ji do otopn\u00e9 vody. Elektrick\u00e1 energie je spot\u0159ebov\u00e1v\u00e1na jen na pohon kompresoru a ventil\u00e1toru &hellip; <\/p>\n","protected":false},"author":1,"featured_media":0,"parent":0,"menu_order":0,"comment_status":"closed","ping_status":"closed","template":"","meta":{"footnotes":""},"yoast_head":"<!-- This site is optimized with the Yoast SEO plugin v22.5 - https:\/\/yoast.com\/wordpress\/plugins\/seo\/ -->\n<title>alternativn\u00ed zdroje - gasservis.cz<\/title>\n<meta name=\"robots\" content=\"index, follow, max-snippet:-1, max-image-preview:large, max-video-preview:-1\" \/>\n<link rel=\"canonical\" href=\"https:\/\/www.gasservis.cz\/index.php\/alternativni-zdroje\/\" \/>\n<meta property=\"og:locale\" content=\"cs_CZ\" \/>\n<meta property=\"og:type\" content=\"article\" \/>\n<meta property=\"og:title\" content=\"alternativn\u00ed zdroje - gasservis.cz\" \/>\n<meta property=\"og:description\" content=\"TEPELN\u00c1 \u010cERPADLA REKUPERACE SOL\u00c1RN\u00cd TECHNIKA TEPELN\u00c1 \u010cERPADLA Tepeln\u00e1 \u010derpadla Buderus vzduch-voda\u00a0z\u00edsk\u00e1vaj\u00ed energii z\u00a0okoln\u00edho vzduchu, i\u00a0pokud venkovn\u00ed teplota klesne na -22 \u00b0C. Energii z\u00edskanou p\u0159i n\u00edzk\u00e9 teplot\u011b p\u0159e\u010derpaj\u00ed na vy\u0161\u0161\u00ed a p\u0159ed\u00e1vaj\u00ed ji do otopn\u00e9 vody. Elektrick\u00e1 energie je spot\u0159ebov\u00e1v\u00e1na jen na pohon kompresoru a ventil\u00e1toru &hellip;\" \/>\n<meta property=\"og:url\" content=\"https:\/\/www.gasservis.cz\/index.php\/alternativni-zdroje\/\" \/>\n<meta property=\"og:site_name\" content=\"gasservis.cz\" \/>\n<meta property=\"article:modified_time\" content=\"2022-04-07T19:46:05+00:00\" \/>\n<meta name=\"twitter:card\" content=\"summary_large_image\" \/>\n<meta name=\"twitter:label1\" content=\"Odhadovan\u00e1 doba \u010dten\u00ed\" \/>\n\t<meta name=\"twitter:data1\" content=\"2 minuty\" \/>\n<script type=\"application\/ld+json\" class=\"yoast-schema-graph\">{\"@context\":\"https:\/\/schema.org\",\"@graph\":[{\"@type\":\"WebPage\",\"@id\":\"https:\/\/www.gasservis.cz\/index.php\/alternativni-zdroje\/\",\"url\":\"https:\/\/www.gasservis.cz\/index.php\/alternativni-zdroje\/\",\"name\":\"alternativn\u00ed zdroje - gasservis.cz\",\"isPartOf\":{\"@id\":\"https:\/\/www.gasservis.cz\/#website\"},\"datePublished\":\"2022-01-18T20:18:55+00:00\",\"dateModified\":\"2022-04-07T19:46:05+00:00\",\"breadcrumb\":{\"@id\":\"https:\/\/www.gasservis.cz\/index.php\/alternativni-zdroje\/#breadcrumb\"},\"inLanguage\":\"cs\",\"potentialAction\":[{\"@type\":\"ReadAction\",\"target\":[\"https:\/\/www.gasservis.cz\/index.php\/alternativni-zdroje\/\"]}]},{\"@type\":\"BreadcrumbList\",\"@id\":\"https:\/\/www.gasservis.cz\/index.php\/alternativni-zdroje\/#breadcrumb\",\"itemListElement\":[{\"@type\":\"ListItem\",\"position\":1,\"name\":\"Dom\u016f\",\"item\":\"https:\/\/www.gasservis.cz\/\"},{\"@type\":\"ListItem\",\"position\":2,\"name\":\"alternativn\u00ed zdroje\"}]},{\"@type\":\"WebSite\",\"@id\":\"https:\/\/www.gasservis.cz\/#website\",\"url\":\"https:\/\/www.gasservis.cz\/\",\"name\":\"gasservis.cz\",\"description\":\"revizn\u00ed a mont\u00e1\u017en\u00ed pr\u00e1ce\",\"publisher\":{\"@id\":\"https:\/\/www.gasservis.cz\/#organization\"},\"potentialAction\":[{\"@type\":\"SearchAction\",\"target\":{\"@type\":\"EntryPoint\",\"urlTemplate\":\"https:\/\/www.gasservis.cz\/?s={search_term_string}\"},\"query-input\":\"required name=search_term_string\"}],\"inLanguage\":\"cs\"},{\"@type\":\"Organization\",\"@id\":\"https:\/\/www.gasservis.cz\/#organization\",\"name\":\"GASSERVIS - \u00dast\u00ed n. L. s.r.o.\",\"url\":\"https:\/\/www.gasservis.cz\/\",\"logo\":{\"@type\":\"ImageObject\",\"inLanguage\":\"cs\",\"@id\":\"https:\/\/www.gasservis.cz\/#\/schema\/logo\/image\/\",\"url\":\"https:\/\/www.gasservis.cz\/wp-content\/uploads\/2021\/01\/logo-s.r.o.-1-scaled.jpg\",\"contentUrl\":\"https:\/\/www.gasservis.cz\/wp-content\/uploads\/2021\/01\/logo-s.r.o.-1-scaled.jpg\",\"width\":2560,\"height\":678,\"caption\":\"GASSERVIS - \u00dast\u00ed n. L. s.r.o.\"},\"image\":{\"@id\":\"https:\/\/www.gasservis.cz\/#\/schema\/logo\/image\/\"}}]}<\/script>\n<!-- \/ Yoast SEO plugin. -->","yoast_head_json":{"title":"alternativn\u00ed zdroje - gasservis.cz","robots":{"index":"index","follow":"follow","max-snippet":"max-snippet:-1","max-image-preview":"max-image-preview:large","max-video-preview":"max-video-preview:-1"},"canonical":"https:\/\/www.gasservis.cz\/index.php\/alternativni-zdroje\/","og_locale":"cs_CZ","og_type":"article","og_title":"alternativn\u00ed zdroje - gasservis.cz","og_description":"TEPELN\u00c1 \u010cERPADLA REKUPERACE SOL\u00c1RN\u00cd TECHNIKA TEPELN\u00c1 \u010cERPADLA Tepeln\u00e1 \u010derpadla Buderus vzduch-voda\u00a0z\u00edsk\u00e1vaj\u00ed energii z\u00a0okoln\u00edho vzduchu, i\u00a0pokud venkovn\u00ed teplota klesne na -22 \u00b0C. Energii z\u00edskanou p\u0159i n\u00edzk\u00e9 teplot\u011b p\u0159e\u010derpaj\u00ed na vy\u0161\u0161\u00ed a p\u0159ed\u00e1vaj\u00ed ji do otopn\u00e9 vody. Elektrick\u00e1 energie je spot\u0159ebov\u00e1v\u00e1na jen na pohon kompresoru a ventil\u00e1toru &hellip;","og_url":"https:\/\/www.gasservis.cz\/index.php\/alternativni-zdroje\/","og_site_name":"gasservis.cz","article_modified_time":"2022-04-07T19:46:05+00:00","twitter_card":"summary_large_image","twitter_misc":{"Odhadovan\u00e1 doba \u010dten\u00ed":"2 minuty"},"schema":{"@context":"https:\/\/schema.org","@graph":[{"@type":"WebPage","@id":"https:\/\/www.gasservis.cz\/index.php\/alternativni-zdroje\/","url":"https:\/\/www.gasservis.cz\/index.php\/alternativni-zdroje\/","name":"alternativn\u00ed zdroje - gasservis.cz","isPartOf":{"@id":"https:\/\/www.gasservis.cz\/#website"},"datePublished":"2022-01-18T20:18:55+00:00","dateModified":"2022-04-07T19:46:05+00:00","breadcrumb":{"@id":"https:\/\/www.gasservis.cz\/index.php\/alternativni-zdroje\/#breadcrumb"},"inLanguage":"cs","potentialAction":[{"@type":"ReadAction","target":["https:\/\/www.gasservis.cz\/index.php\/alternativni-zdroje\/"]}]},{"@type":"BreadcrumbList","@id":"https:\/\/www.gasservis.cz\/index.php\/alternativni-zdroje\/#breadcrumb","itemListElement":[{"@type":"ListItem","position":1,"name":"Dom\u016f","item":"https:\/\/www.gasservis.cz\/"},{"@type":"ListItem","position":2,"name":"alternativn\u00ed zdroje"}]},{"@type":"WebSite","@id":"https:\/\/www.gasservis.cz\/#website","url":"https:\/\/www.gasservis.cz\/","name":"gasservis.cz","description":"revizn\u00ed a mont\u00e1\u017en\u00ed pr\u00e1ce","publisher":{"@id":"https:\/\/www.gasservis.cz\/#organization"},"potentialAction":[{"@type":"SearchAction","target":{"@type":"EntryPoint","urlTemplate":"https:\/\/www.gasservis.cz\/?s={search_term_string}"},"query-input":"required name=search_term_string"}],"inLanguage":"cs"},{"@type":"Organization","@id":"https:\/\/www.gasservis.cz\/#organization","name":"GASSERVIS - \u00dast\u00ed n. L. s.r.o.","url":"https:\/\/www.gasservis.cz\/","logo":{"@type":"ImageObject","inLanguage":"cs","@id":"https:\/\/www.gasservis.cz\/#\/schema\/logo\/image\/","url":"https:\/\/www.gasservis.cz\/wp-content\/uploads\/2021\/01\/logo-s.r.o.-1-scaled.jpg","contentUrl":"https:\/\/www.gasservis.cz\/wp-content\/uploads\/2021\/01\/logo-s.r.o.-1-scaled.jpg","width":2560,"height":678,"caption":"GASSERVIS - \u00dast\u00ed n. L. s.r.o."},"image":{"@id":"https:\/\/www.gasservis.cz\/#\/schema\/logo\/image\/"}}]}},"_links":{"self":[{"href":"https:\/\/www.gasservis.cz\/index.php\/wp-json\/wp\/v2\/pages\/224"}],"collection":[{"href":"https:\/\/www.gasservis.cz\/index.php\/wp-json\/wp\/v2\/pages"}],"about":[{"href":"https:\/\/www.gasservis.cz\/index.php\/wp-json\/wp\/v2\/types\/page"}],"author":[{"embeddable":true,"href":"https:\/\/www.gasservis.cz\/index.php\/wp-json\/wp\/v2\/users\/1"}],"replies":[{"embeddable":true,"href":"https:\/\/www.gasservis.cz\/index.php\/wp-json\/wp\/v2\/comments?post=224"}],"version-history":[{"count":7,"href":"https:\/\/www.gasservis.cz\/index.php\/wp-json\/wp\/v2\/pages\/224\/revisions"}],"predecessor-version":[{"id":371,"href":"https:\/\/www.gasservis.cz\/index.php\/wp-json\/wp\/v2\/pages\/224\/revisions\/371"}],"wp:attachment":[{"href":"https:\/\/www.gasservis.cz\/index.php\/wp-json\/wp\/v2\/media?parent=224"}],"curies":[{"name":"wp","href":"https:\/\/api.w.org\/{rel}","templated":true}]}}